{"id":1250,"date":"2023-10-22T14:43:39","date_gmt":"2023-10-22T14:43:39","guid":{"rendered":"http:\/\/localhost\/indostio\/?page_id=1250"},"modified":"2024-08-17T18:38:48","modified_gmt":"2024-08-17T18:38:48","slug":"presentation","status":"publish","type":"page","link":"https:\/\/globalbatteriesenergie.dz\/alphafour\/presentation\/","title":{"rendered":"Pr\u00e9sentation"},"content":{"rendered":"\t\t<div data-elementor-type=\"wp-page\" data-elementor-id=\"1250\" class=\"elementor elementor-1250\">\n\t\t\t\t<div class=\"elementor-element elementor-element-17f8be8 e-flex e-con-boxed e-con e-parent\" data-id=\"17f8be8\" data-element_type=\"container\">\n\t\t\t\t\t<div class=\"e-con-inner\">\n\t\t<div class=\"elementor-element elementor-element-0107a6d e-con-full e-flex e-con e-child\" data-id=\"0107a6d\" data-element_type=\"container\">\n\t\t\t\t<div class=\"elementor-element elementor-element-c5c1585 elementor-invisible elementor-widget elementor-widget-indostio-banner\" data-id=\"c5c1585\" data-element_type=\"widget\" data-settings=\"{&quot;_animation&quot;:&quot;fadeInUp&quot;}\" data-widget_type=\"indostio-banner.default\">\n\t\t\t\t<div class=\"elementor-widget-container\">\n\t\t\t\t\t<div class=\"indostio-banner\">\r\n\t\t\t\t\t\t<img decoding=\"async\" src=\"https:\/\/globalbatteriesenergie.dz\/alphafour\/wp-content\/uploads\/2024\/08\/h5.png\" title=\"h5\" alt=\"h5\" loading=\"lazy\" \/>\t\t\t<div class=\"indostio-banner__content\">\r\n\t\t\t\t\t\t\t\t<div class=\"indostio-banner_title\"><\/div>\r\n\t\t\t<\/div>\r\n\t\t\t\t\t<\/div>\r\n\t\t\t\t<\/div>\n\t\t\t\t<\/div>\n\t\t\t\t<\/div>\n\t\t<div class=\"elementor-element elementor-element-5c13b09 e-con-full e-flex elementor-invisible e-con e-child\" data-id=\"5c13b09\" data-element_type=\"container\" data-settings=\"{&quot;animation&quot;:&quot;fadeInRight&quot;}\">\n\t\t\t\t<div class=\"elementor-element elementor-element-5fa8ed7 elementor-widget elementor-widget-indostio-section-title\" data-id=\"5fa8ed7\" data-element_type=\"widget\" data-widget_type=\"indostio-section-title.default\">\n\t\t\t\t<div class=\"elementor-widget-container\">\n\t\t\t\t\t<div class=\"indostio-section-title\">\r\n\t\t\t\t<div class=\"indostio-section-title__content\">\r\n\t\t\t\t\t\t\t\t\t\t\t<span class=\"indostio-section-title_subheading\">\/\/ A PROPOS DE<\/span>\r\n\t\t\t\t\t\t\t\t\t\t<h2 class=\"indostio-section-title_heading\">\r\n\t\t\t\t\t\tEURL ALPHA FOUR\t\t\t\t\t<\/h2>\r\n\t\t\t\t\t\t\t\t\t<\/div>\r\n\t\t\t\t\t\t\t<\/div>\r\n\t\t\t\t<\/div>\n\t\t\t\t<\/div>\n\t\t\t\t<div class=\"elementor-element elementor-element-3e36d3b elementor-widget elementor-widget-text-editor\" data-id=\"3e36d3b\" data-element_type=\"widget\" data-widget_type=\"text-editor.default\">\n\t\t\t\t<div class=\"elementor-widget-container\">\n\t\t\t<style>\/*! elementor - v3.23.0 - 05-08-2024 *\/\n.elementor-widget-text-editor.elementor-drop-cap-view-stacked .elementor-drop-cap{background-color:#69727d;color:#fff}.elementor-widget-text-editor.elementor-drop-cap-view-framed .elementor-drop-cap{color:#69727d;border:3px solid;background-color:transparent}.elementor-widget-text-editor:not(.elementor-drop-cap-view-default) .elementor-drop-cap{margin-top:8px}.elementor-widget-text-editor:not(.elementor-drop-cap-view-default) .elementor-drop-cap-letter{width:1em;height:1em}.elementor-widget-text-editor .elementor-drop-cap{float:left;text-align:center;line-height:1;font-size:50px}.elementor-widget-text-editor .elementor-drop-cap-letter{display:inline-block}<\/style>\t\t\t\t<p>Bienvenue chez Alpha Four, votre partenaire incontournable dans le secteur des boulangeries et restaurants. Depuis notre cr\u00e9ation, nous nous engageons \u00e0 fournir des \u00e9quipements et des fournitures de haute qualit\u00e9, adapt\u00e9s aux besoins des professionnels les plus exigeants. Nous savons que votre succ\u00e8s repose sur la fiabilit\u00e9 de vos outils et la qualit\u00e9 de vos produits. C\u2019est pourquoi nous mettons un point d&rsquo;honneur \u00e0 s\u00e9lectionner des articles qui r\u00e9pondent aux standards les plus \u00e9lev\u00e9s.<\/p><p>Chez Alpha Four, nous croyons en l\u2019importance de l\u2019innovation et de l\u2019accompagnement personnalis\u00e9. Nous offrons une large gamme de produits, allant des \u00e9quipements essentiels pour la cuisson aux ustensiles sp\u00e9cialis\u00e9s, pour vous permettre de r\u00e9aliser vos cr\u00e9ations avec excellence. Notre \u00e9quipe est \u00e0 votre disposition pour vous conseiller et vous aider \u00e0 trouver les solutions les mieux adapt\u00e9es \u00e0 vos besoins.<\/p>\t\t\t\t\t\t<\/div>\n\t\t\t\t<\/div>\n\t\t\t\t<div class=\"elementor-element elementor-element-2d0b71d elementor-widget elementor-widget-button\" data-id=\"2d0b71d\" data-element_type=\"widget\" data-widget_type=\"button.default\">\n\t\t\t\t<div class=\"elementor-widget-container\">\n\t\t\t\t\t<div class=\"elementor-button-wrapper\">\n\t\t\t<a class=\"elementor-button elementor-button-link elementor-size-xs\" href=\"#\">\n\t\t\t\t\t\t<span class=\"elementor-button-content-wrapper\">\n\t\t\t\t\t\t<span class=\"elementor-button-icon\">\n\t\t\t\t<svg xmlns=\"http:\/\/www.w3.org\/2000\/svg\" width=\"12\" height=\"12\" viewBox=\"0 0 12 12\" fill=\"none\"><path d=\"M11.3438 6.28125C11.5 6.125 11.5 5.90625 11.3438 5.75L6.78125 1.125C6.625 0.96875 6.375 0.96875 6.25 1.125L5.625 1.75C5.46875 1.875 5.46875 2.125 5.625 2.28125L9.3125 6L5.625 9.75C5.46875 9.90625 5.46875 10.125 5.625 10.2812L6.25 10.9062C6.375 11.0625 6.625 11.0625 6.78125 10.9062L11.3438 6.28125ZM6.34375 5.75L1.78125 1.125C1.625 0.96875 1.375 0.96875 1.25 1.125L0.625 1.75C0.46875 1.875 0.46875 2.125 0.625 2.28125L4.3125 6L0.625 9.75C0.46875 9.90625 0.46875 10.125 0.625 10.2812L1.25 10.9062C1.375 11.0625 1.625 11.0625 1.78125 10.9062L6.34375 6.28125C6.5 6.125 6.5 5.90625 6.34375 5.75Z\" fill=\"currentColor\"><\/path><\/svg>\t\t\t<\/span>\n\t\t\t\t\t\t\t\t\t<span class=\"elementor-button-text\">Contactez Nous<\/span>\n\t\t\t\t\t<\/span>\n\t\t\t\t\t<\/a>\n\t\t<\/div>\n\t\t\t\t<\/div>\n\t\t\t\t<\/div>\n\t\t\t\t<\/div>\n\t\t\t\t\t<\/div>\n\t\t\t\t<\/div>\n\t\t<div class=\"elementor-element elementor-element-bad741c e-flex e-con-boxed elementor-invisible e-con e-parent\" data-id=\"bad741c\" data-element_type=\"container\" data-settings=\"{&quot;animation&quot;:&quot;fadeInUp&quot;}\">\n\t\t\t\t\t<div class=\"e-con-inner\">\n\t\t<div class=\"elementor-element elementor-element-add93f1 e-flex e-con-boxed e-con e-child\" data-id=\"add93f1\" data-element_type=\"container\">\n\t\t\t\t\t<div class=\"e-con-inner\">\n\t\t\t\t<div class=\"elementor-element elementor-element-9b19791 elementor-widget elementor-widget-indostio-special-text\" data-id=\"9b19791\" data-element_type=\"widget\" data-widget_type=\"indostio-special-text.default\">\n\t\t\t\t<div class=\"elementor-widget-container\">\n\t\t\t\t\t<div class=\"indostio-special-text indostio-special-text-type--image\">\r\n\t\t\t\t<div class=\"indostio-special-text__image\">10<\/div>\t\t\t<\/div>\r\n\t\t\t\t<\/div>\n\t\t\t\t<\/div>\n\t\t\t\t<div class=\"elementor-element elementor-element-0b38487 elementor-widget elementor-widget-indostio-heading\" data-id=\"0b38487\" data-element_type=\"widget\" data-widget_type=\"indostio-heading.default\">\n\t\t\t\t<div class=\"elementor-widget-container\">\n\t\t\t\t\t<div class=\"indostio-heading-elementor\">\r\n\t\t\t\t<h2 class=\"indostio-heading\">\r\n\t\t\t\t\tANS\t\t\t\t<\/h2>\r\n\t\t\t<\/div>\r\n\t\t\t\t<\/div>\n\t\t\t\t<\/div>\n\t\t\t\t<div class=\"elementor-element elementor-element-34d6354 elementor-widget elementor-widget-indostio-heading\" data-id=\"34d6354\" data-element_type=\"widget\" data-widget_type=\"indostio-heading.default\">\n\t\t\t\t<div class=\"elementor-widget-container\">\n\t\t\t\t\t<div class=\"indostio-heading-elementor\">\r\n\t\t\t\t<h2 class=\"indostio-heading indostio-heading--stroke indostio-heading-stroke-stype--boxshadow\">\r\n\t\t\t\t\t D'EXPERIENCE\t\t\t\t<\/h2>\r\n\t\t\t<\/div>\r\n\t\t\t\t<\/div>\n\t\t\t\t<\/div>\n\t\t\t\t\t<\/div>\n\t\t\t\t<\/div>\n\t\t\t\t\t<\/div>\n\t\t\t\t<\/div>\n\t\t<div class=\"elementor-element elementor-element-9b6e916 e-flex e-con-boxed e-con e-parent\" data-id=\"9b6e916\" data-element_type=\"container\">\n\t\t\t\t\t<div class=\"e-con-inner\">\n\t\t<div class=\"elementor-element elementor-element-8961bb3 e-con-full e-flex e-con e-child\" data-id=\"8961bb3\" data-element_type=\"container\">\n\t\t\t\t<div class=\"elementor-element elementor-element-8cecbb2 elementor-invisible elementor-widget elementor-widget-indostio-section-title\" data-id=\"8cecbb2\" data-element_type=\"widget\" data-settings=\"{&quot;_animation&quot;:&quot;fadeInUp&quot;}\" data-widget_type=\"indostio-section-title.default\">\n\t\t\t\t<div class=\"elementor-widget-container\">\n\t\t\t\t\t<div class=\"indostio-section-title\">\r\n\t\t\t\t<div class=\"indostio-section-title__content\">\r\n\t\t\t\t\t\t\t\t\t\t\t<span class=\"indostio-section-title_subheading\">\/\/ D\u00e9couvrez<\/span>\r\n\t\t\t\t\t\t\t\t\t\t<h2 class=\"indostio-section-title_heading\">\r\n\t\t\t\t\t\tPourquoi<br class=\"hidden-xs\">\nNous Choisir\t\t\t\t\t<\/h2>\r\n\t\t\t\t\t\t\t\t\t<\/div>\r\n\t\t\t\t\t\t\t<\/div>\r\n\t\t\t\t<\/div>\n\t\t\t\t<\/div>\n\t\t\t\t<div class=\"elementor-element elementor-element-7877a3c elementor-invisible elementor-widget elementor-widget-indostio-tabs\" data-id=\"7877a3c\" data-element_type=\"widget\" data-settings=\"{&quot;_animation&quot;:&quot;fadeInUp&quot;}\" data-widget_type=\"indostio-tabs.default\">\n\t\t\t\t<div class=\"elementor-widget-container\">\n\t\t\t\t\t<div class=\"indostio-tabs\">\r\n\t\t\t<div class=\"indostio-tabs-wrapper\" role=\"tablist\" >\r\n\t\t\t\t\t\t\t\t\t<div id=\"indostio-tab-title-1261\" class=\"indostio-tab__title indostio-tab-desktop-title indostio-tab--active\" aria-selected=\"true\" data-tab=\"1\" role=\"tab\" tabindex=\"0\" aria-controls=\"indostio-tab-content-1261\" aria-expanded=\"false\"><span class=\"indostio-svg-icon\"><svg xmlns=\"http:\/\/www.w3.org\/2000\/svg\" width=\"50\" height=\"51\" viewBox=\"0 0 50 51\" fill=\"none\"><path d=\"M12.4409 13.576V14.3494C12.4409 14.9018 12.8276 15.2885 13.38 15.2885H33.0464L12.3304 36.0046C11.9437 36.3913 11.9989 36.9989 12.3304 37.3304L12.8828 37.8828C13.2695 38.2695 13.8219 38.2695 14.2086 37.8828L34.9247 17.1668L34.9799 36.8884C34.9799 37.4409 35.3666 37.8276 35.919 37.8276H36.6924C37.2449 37.8276 37.6316 37.4409 37.6316 36.8884V13.576C37.6316 13.0236 37.2449 12.6369 36.6924 12.6369H13.38C12.8276 12.6369 12.4409 13.0236 12.4409 13.576Z\" fill=\"currentColor\"><\/path><\/svg><\/span><span class=\"indostio-tab__text\">Mission<\/span><\/div>\r\n\t\t\t\t\t\t\t\t\t<div id=\"indostio-tab-title-1262\" class=\"indostio-tab__title indostio-tab-desktop-title \" aria-selected=\"false\" data-tab=\"2\" role=\"tab\" tabindex=\"-1\" aria-controls=\"indostio-tab-content-1262\" aria-expanded=\"false\"><span class=\"indostio-svg-icon\"><svg xmlns=\"http:\/\/www.w3.org\/2000\/svg\" width=\"50\" height=\"51\" viewBox=\"0 0 50 51\" fill=\"none\"><path d=\"M12.4409 13.576V14.3494C12.4409 14.9018 12.8276 15.2885 13.38 15.2885H33.0464L12.3304 36.0046C11.9437 36.3913 11.9989 36.9989 12.3304 37.3304L12.8828 37.8828C13.2695 38.2695 13.8219 38.2695 14.2086 37.8828L34.9247 17.1668L34.9799 36.8884C34.9799 37.4409 35.3666 37.8276 35.919 37.8276H36.6924C37.2449 37.8276 37.6316 37.4409 37.6316 36.8884V13.576C37.6316 13.0236 37.2449 12.6369 36.6924 12.6369H13.38C12.8276 12.6369 12.4409 13.0236 12.4409 13.576Z\" fill=\"currentColor\"><\/path><\/svg><\/span><span class=\"indostio-tab__text\">Vision<\/span><\/div>\r\n\t\t\t\t\t\t\t\t\t<div id=\"indostio-tab-title-1263\" class=\"indostio-tab__title indostio-tab-desktop-title \" aria-selected=\"false\" data-tab=\"3\" role=\"tab\" tabindex=\"-1\" aria-controls=\"indostio-tab-content-1263\" aria-expanded=\"false\"><span class=\"indostio-svg-icon\"><svg xmlns=\"http:\/\/www.w3.org\/2000\/svg\" width=\"50\" height=\"51\" viewBox=\"0 0 50 51\" fill=\"none\"><path d=\"M12.4409 13.576V14.3494C12.4409 14.9018 12.8276 15.2885 13.38 15.2885H33.0464L12.3304 36.0046C11.9437 36.3913 11.9989 36.9989 12.3304 37.3304L12.8828 37.8828C13.2695 38.2695 13.8219 38.2695 14.2086 37.8828L34.9247 17.1668L34.9799 36.8884C34.9799 37.4409 35.3666 37.8276 35.919 37.8276H36.6924C37.2449 37.8276 37.6316 37.4409 37.6316 36.8884V13.576C37.6316 13.0236 37.2449 12.6369 36.6924 12.6369H13.38C12.8276 12.6369 12.4409 13.0236 12.4409 13.576Z\" fill=\"currentColor\"><\/path><\/svg><\/span><span class=\"indostio-tab__text\">objectif<\/span><\/div>\r\n\t\t\t\t\t\t\t<\/div>\r\n\t\t\t<div class=\"indostio-tabs-content-wrapper\" role=\"tablist\" aria-orientation=\"vertical\">\r\n\t\t\t\t\t\t\t\t\t<div id=\"indostio-tab-content-1261\" class=\"indostio-tab__content elementor-clearfix indostio-tab--active\" data-tab=\"1\" role=\"tabpanel\" aria-labelledby=\"indostio-tab-title-1261\" tabindex=\"0\"><p>Fournir aux professionnels de la boulangerie et de la restauration des produits fiables et performants, qui leur permettent de cr\u00e9er des exp\u00e9riences culinaires inoubliables et de se d\u00e9marquer dans un march\u00e9 comp\u00e9titif.<\/p><\/div>\r\n\t\t\t\t\t\t\t\t\t<div id=\"indostio-tab-content-1262\" class=\"indostio-tab__content elementor-clearfix \" data-tab=\"2\" role=\"tabpanel\" aria-labelledby=\"indostio-tab-title-1262\" tabindex=\"0\"><p>\u00catre le leader incontournable dans la fourniture d\u2019\u00e9quipements et de solutions pour les boulangeries et restaurants, en alliant qualit\u00e9, innovation et service client exceptionnel.<\/p><\/div>\r\n\t\t\t\t\t\t\t\t\t<div id=\"indostio-tab-content-1263\" class=\"indostio-tab__content elementor-clearfix \" data-tab=\"3\" role=\"tabpanel\" aria-labelledby=\"indostio-tab-title-1263\" tabindex=\"0\"><p>Accompagner nos clients dans leur croissance en leur offrant des solutions adapt\u00e9es \u00e0 leurs besoins sp\u00e9cifiques, tout en maintenant des standards \u00e9lev\u00e9s de qualit\u00e9 et de service.<\/p><\/div>\r\n\t\t\t\t\t\t\t<\/div>\r\n\t\t<\/div>\r\n\t\t\t\t<\/div>\n\t\t\t\t<\/div>\n\t\t\t\t<\/div>\n\t\t<div class=\"elementor-element elementor-element-4f53f2b e-con-full e-flex elementor-invisible e-con e-child\" data-id=\"4f53f2b\" data-element_type=\"container\" data-settings=\"{&quot;animation&quot;:&quot;fadeInRight&quot;}\">\n\t\t\t\t<div class=\"elementor-element elementor-element-c7724ab elementor-widget elementor-widget-image\" data-id=\"c7724ab\" data-element_type=\"widget\" data-widget_type=\"image.default\">\n\t\t\t\t<div class=\"elementor-widget-container\">\n\t\t\t<style>\/*! elementor - v3.23.0 - 05-08-2024 *\/\n.elementor-widget-image{text-align:center}.elementor-widget-image a{display:inline-block}.elementor-widget-image a img[src$=\".svg\"]{width:48px}.elementor-widget-image img{vertical-align:middle;display:inline-block}<\/style>\t\t\t\t\t\t\t\t\t\t<img fetchpriority=\"high\" decoding=\"async\" width=\"895\" height=\"908\" src=\"https:\/\/globalbatteriesenergie.dz\/alphafour\/wp-content\/uploads\/2024\/08\/ab1.png\" class=\"attachment-full size-full wp-image-3217\" alt=\"\" srcset=\"https:\/\/globalbatteriesenergie.dz\/alphafour\/wp-content\/uploads\/2024\/08\/ab1.png 895w, https:\/\/globalbatteriesenergie.dz\/alphafour\/wp-content\/uploads\/2024\/08\/ab1-100x100.png 100w, https:\/\/globalbatteriesenergie.dz\/alphafour\/wp-content\/uploads\/2024\/08\/ab1-600x609.png 600w, https:\/\/globalbatteriesenergie.dz\/alphafour\/wp-content\/uploads\/2024\/08\/ab1-296x300.png 296w, https:\/\/globalbatteriesenergie.dz\/alphafour\/wp-content\/uploads\/2024\/08\/ab1-768x779.png 768w\" sizes=\"(max-width: 895px) 100vw, 895px\" \/>\t\t\t\t\t\t\t\t\t\t\t\t\t<\/div>\n\t\t\t\t<\/div>\n\t\t\t\t<\/div>\n\t\t\t\t\t<\/div>\n\t\t\t\t<\/div>\n\t\t<div class=\"elementor-element elementor-element-38fb7c2 e-flex e-con-boxed e-con e-parent\" data-id=\"38fb7c2\" data-element_type=\"container\" data-settings=\"{&quot;background_background&quot;:&quot;classic&quot;}\">\n\t\t\t\t\t<div class=\"e-con-inner\">\n\t\t<div class=\"elementor-element elementor-element-f614feb e-con-full e-flex e-con e-child\" data-id=\"f614feb\" data-element_type=\"container\">\n\t\t\t\t<div class=\"elementor-element elementor-element-0dc68f8 elementor-widget-tablet__width-inherit elementor-widget__width-initial elementor-invisible elementor-widget elementor-widget-indostio-section-title\" data-id=\"0dc68f8\" data-element_type=\"widget\" data-settings=\"{&quot;_animation&quot;:&quot;fadeInLeft&quot;}\" data-widget_type=\"indostio-section-title.default\">\n\t\t\t\t<div class=\"elementor-widget-container\">\n\t\t\t\t\t<div class=\"indostio-section-title\">\r\n\t\t\t\t<div class=\"indostio-section-title__content\">\r\n\t\t\t\t\t\t\t\t\t\t\t<span class=\"indostio-section-title_subheading\">\/\/ D\u00e9couvrez<\/span>\r\n\t\t\t\t\t\t\t\t\t\t<h2 class=\"indostio-section-title_heading\">\r\n\t\t\t\t\t\tNos Chiffres Cl\u00e9s\t\t\t\t\t<\/h2>\r\n\t\t\t\t\t\t\t\t\t<\/div>\r\n\t\t\t\t\t\t\t<\/div>\r\n\t\t\t\t<\/div>\n\t\t\t\t<\/div>\n\t\t\t\t<\/div>\n\t\t<div class=\"elementor-element elementor-element-0b33475 e-con-full e-flex e-con e-child\" data-id=\"0b33475\" data-element_type=\"container\">\n\t\t\t\t<div class=\"elementor-element elementor-element-c464712 elementor-invisible elementor-widget elementor-widget-indostio-counter\" data-id=\"c464712\" data-element_type=\"widget\" data-settings=\"{&quot;_animation&quot;:&quot;fadeInUp&quot;}\" data-widget_type=\"indostio-counter.default\">\n\t\t\t\t<div class=\"elementor-widget-container\">\n\t\t\t\t\t<div class=\"indostio-counter\">\r\n\t\t\t<div class=\"indostio-counter__number-wrapper\">\r\n\t\t\t\t\t\t\t\t\t<span class=\"indostio-counter__icon indostio-svg-icon\">\r\n\t\t\t\t\t\t<svg xmlns=\"http:\/\/www.w3.org\/2000\/svg\" width=\"18\" height=\"18\" viewBox=\"0 0 18 18\" fill=\"none\"><path d=\"M17.25 7.5H10.5V0.75C10.5 0.375 10.125 0 9.75 0H8.25C7.82812 0 7.5 0.375 7.5 0.75V7.5H0.75C0.328125 7.5 0 7.875 0 8.25V9.75C0 10.1719 0.328125 10.5 0.75 10.5H7.5V17.25C7.5 17.6719 7.82812 18 8.25 18H9.75C10.125 18 10.5 17.6719 10.5 17.25V10.5H17.25C17.625 10.5 18 10.1719 18 9.75V8.25C18 7.875 17.625 7.5 17.25 7.5Z\" fill=\"currentColor\"><\/path><\/svg>\t\t\t\t\t<\/span>\r\n\t\t\t\t\t\t\t\t<div class=\"indostio-counter__number-content \">\r\n\t\t\t\t\t<span class=\"indostio-counter__number\" data-duration=\"2000\" data-to-value=\"500\" data-from-value=\"0\">0<\/span>\r\n\t\t\t\t\t\t\t\t\t<\/div>\r\n\t\t\t<\/div>\r\n\t\t\t\t\t\t\t<div class=\"indostio-counter__title\">Produits de<br>haute qualit\u00e9<\/div>\r\n\t\t\t\t\t<\/div>\r\n\t\t\t\t<\/div>\n\t\t\t\t<\/div>\n\t\t\t\t<div class=\"elementor-element elementor-element-efc33f2 elementor-invisible elementor-widget elementor-widget-indostio-counter\" data-id=\"efc33f2\" data-element_type=\"widget\" data-settings=\"{&quot;_animation&quot;:&quot;fadeInUp&quot;,&quot;_animation_delay&quot;:200}\" data-widget_type=\"indostio-counter.default\">\n\t\t\t\t<div class=\"elementor-widget-container\">\n\t\t\t\t\t<div class=\"indostio-counter\">\r\n\t\t\t<div class=\"indostio-counter__number-wrapper\">\r\n\t\t\t\t\t\t\t\t\t<span class=\"indostio-counter__icon indostio-svg-icon\">\r\n\t\t\t\t\t\t<svg xmlns=\"http:\/\/www.w3.org\/2000\/svg\" width=\"18\" height=\"18\" viewBox=\"0 0 18 18\" fill=\"none\"><path d=\"M17.25 7.5H10.5V0.75C10.5 0.375 10.125 0 9.75 0H8.25C7.82812 0 7.5 0.375 7.5 0.75V7.5H0.75C0.328125 7.5 0 7.875 0 8.25V9.75C0 10.1719 0.328125 10.5 0.75 10.5H7.5V17.25C7.5 17.6719 7.82812 18 8.25 18H9.75C10.125 18 10.5 17.6719 10.5 17.25V10.5H17.25C17.625 10.5 18 10.1719 18 9.75V8.25C18 7.875 17.625 7.5 17.25 7.5Z\" fill=\"currentColor\"><\/path><\/svg>\t\t\t\t\t<\/span>\r\n\t\t\t\t\t\t\t\t<div class=\"indostio-counter__number-content \">\r\n\t\t\t\t\t<span class=\"indostio-counter__number\" data-duration=\"2000\" data-to-value=\"20\" data-from-value=\"0\">0<\/span>\r\n\t\t\t\t\t\t\t\t\t<\/div>\r\n\t\t\t<\/div>\r\n\t\t\t\t\t\t\t<div class=\"indostio-counter__title\">Partenaires <br>de confiance<\/div>\r\n\t\t\t\t\t<\/div>\r\n\t\t\t\t<\/div>\n\t\t\t\t<\/div>\n\t\t\t\t<div class=\"elementor-element elementor-element-d92e5cd elementor-widget-tablet__width-inherit elementor-invisible elementor-widget elementor-widget-indostio-counter\" data-id=\"d92e5cd\" data-element_type=\"widget\" data-settings=\"{&quot;_animation&quot;:&quot;fadeInUp&quot;,&quot;_animation_delay&quot;:400}\" data-widget_type=\"indostio-counter.default\">\n\t\t\t\t<div class=\"elementor-widget-container\">\n\t\t\t\t\t<div class=\"indostio-counter\">\r\n\t\t\t<div class=\"indostio-counter__number-wrapper\">\r\n\t\t\t\t\t\t\t\t\t<span class=\"indostio-counter__icon indostio-svg-icon\">\r\n\t\t\t\t\t\t<svg xmlns=\"http:\/\/www.w3.org\/2000\/svg\" width=\"18\" height=\"18\" viewBox=\"0 0 18 18\" fill=\"none\"><path d=\"M17.25 7.5H10.5V0.75C10.5 0.375 10.125 0 9.75 0H8.25C7.82812 0 7.5 0.375 7.5 0.75V7.5H0.75C0.328125 7.5 0 7.875 0 8.25V9.75C0 10.1719 0.328125 10.5 0.75 10.5H7.5V17.25C7.5 17.6719 7.82812 18 8.25 18H9.75C10.125 18 10.5 17.6719 10.5 17.25V10.5H17.25C17.625 10.5 18 10.1719 18 9.75V8.25C18 7.875 17.625 7.5 17.25 7.5Z\" fill=\"currentColor\"><\/path><\/svg>\t\t\t\t\t<\/span>\r\n\t\t\t\t\t\t\t\t<div class=\"indostio-counter__number-content \">\r\n\t\t\t\t\t<span class=\"indostio-counter__number\" data-duration=\"2000\" data-to-value=\"250\" data-from-value=\"0\">0<\/span>\r\n\t\t\t\t\t\t\t\t\t<\/div>\r\n\t\t\t<\/div>\r\n\t\t\t\t\t\t\t<div class=\"indostio-counter__title\">Clients<br>satisfaits<\/div>\r\n\t\t\t\t\t<\/div>\r\n\t\t\t\t<\/div>\n\t\t\t\t<\/div>\n\t\t\t\t<\/div>\n\t\t\t\t\t<\/div>\n\t\t\t\t<\/div>\n\t\t\t\t<\/div>\n\t\t","protected":false},"excerpt":{"rendered":"<p>\/\/ A PROPOS DE EURL ALPHA FOUR Bienvenue chez Alpha Four, votre partenaire incontournable dans le secteur des boulangeries et restaurants. Depuis notre cr\u00e9ation, nous nous engageons \u00e0 fournir des \u00e9quipements et des fournitures de haute qualit\u00e9, adapt\u00e9s aux besoins des professionnels les plus exigeants. Nous savons que votre succ\u00e8s repose sur la fiabilit\u00e9 de [&hellip;]<\/p>\n","protected":false},"author":1,"featured_media":0,"parent":0,"menu_order":0,"comment_status":"closed","ping_status":"closed","template":"","meta":{"_siteseo_robots_primary_cat":"","footnotes":""},"class_list":["post-1250","page","type-page","status-publish","hentry"],"_links":{"self":[{"href":"https:\/\/globalbatteriesenergie.dz\/alphafour\/wp-json\/wp\/v2\/pages\/1250","targetHints":{"allow":["GET"]}}],"collection":[{"href":"https:\/\/globalbatteriesenergie.dz\/alphafour\/wp-json\/wp\/v2\/pages"}],"about":[{"href":"https:\/\/globalbatteriesenergie.dz\/alphafour\/wp-json\/wp\/v2\/types\/page"}],"author":[{"embeddable":true,"href":"https:\/\/globalbatteriesenergie.dz\/alphafour\/wp-json\/wp\/v2\/users\/1"}],"replies":[{"embeddable":true,"href":"https:\/\/globalbatteriesenergie.dz\/alphafour\/wp-json\/wp\/v2\/comments?post=1250"}],"version-history":[{"count":74,"href":"https:\/\/globalbatteriesenergie.dz\/alphafour\/wp-json\/wp\/v2\/pages\/1250\/revisions"}],"predecessor-version":[{"id":3262,"href":"https:\/\/globalbatteriesenergie.dz\/alphafour\/wp-json\/wp\/v2\/pages\/1250\/revisions\/3262"}],"wp:attachment":[{"href":"https:\/\/globalbatteriesenergie.dz\/alphafour\/wp-json\/wp\/v2\/media?parent=1250"}],"curies":[{"name":"wp","href":"https:\/\/api.w.org\/{rel}","templated":true}]}}