{"id":3347,"date":"2024-08-18T19:35:25","date_gmt":"2024-08-18T19:35:25","guid":{"rendered":"https:\/\/globalbatteriesenergie.dz\/alphafour\/?post_type=product&#038;p=3347"},"modified":"2024-08-19T06:47:29","modified_gmt":"2024-08-19T06:47:29","slug":"div-r-16-ronde","status":"publish","type":"product","link":"https:\/\/globalbatteriesenergie.dz\/alphafour\/product\/div-r-16-ronde\/","title":{"rendered":"Div-R 16 ronde"},"content":{"rendered":"","protected":false},"excerpt":{"rendered":"<p>La DIV-R 16 ronde permet de diviser en 16 part \u00e9gales. En outre elle est \u00e9quip\u00e9e de s\u00e9rie d&rsquo;une technologie de r\u00e9cup\u00e9ration de farine et d&rsquo;un r\u00e9glage de la pression. JAC a effectu\u00e9 des choix techniques ambitieux: piston renforc\u00e9 et couteaux inox affut\u00e9s. Ces atouts en font une machine de r\u00e9f\u00e9rence sur le march\u00e9 de la boulangerie.<\/p>\n","protected":false},"featured_media":3357,"template":"","meta":{"_siteseo_robots_primary_cat":""},"product_cat":[15],"product_tag":[],"class_list":{"0":"post-3347","1":"product","2":"type-product","3":"status-publish","4":"has-post-thumbnail","6":"product_cat-boulangerie","8":"first","9":"instock","10":"shipping-taxable","11":"product-type-simple"},"_links":{"self":[{"href":"https:\/\/globalbatteriesenergie.dz\/alphafour\/wp-json\/wp\/v2\/product\/3347","targetHints":{"allow":["GET"]}}],"collection":[{"href":"https:\/\/globalbatteriesenergie.dz\/alphafour\/wp-json\/wp\/v2\/product"}],"about":[{"href":"https:\/\/globalbatteriesenergie.dz\/alphafour\/wp-json\/wp\/v2\/types\/product"}],"wp:featuredmedia":[{"embeddable":true,"href":"https:\/\/globalbatteriesenergie.dz\/alphafour\/wp-json\/wp\/v2\/media\/3357"}],"wp:attachment":[{"href":"https:\/\/globalbatteriesenergie.dz\/alphafour\/wp-json\/wp\/v2\/media?parent=3347"}],"wp:term":[{"taxonomy":"product_cat","embeddable":true,"href":"https:\/\/globalbatteriesenergie.dz\/alphafour\/wp-json\/wp\/v2\/product_cat?post=3347"},{"taxonomy":"product_tag","embeddable":true,"href":"https:\/\/globalbatteriesenergie.dz\/alphafour\/wp-json\/wp\/v2\/product_tag?post=3347"}],"curies":[{"name":"wp","href":"https:\/\/api.w.org\/{rel}","templated":true}]}}