{"id":3351,"date":"2024-08-18T19:35:25","date_gmt":"2024-08-18T19:35:25","guid":{"rendered":"https:\/\/globalbatteriesenergie.dz\/alphafour\/?post_type=product&#038;p=3351"},"modified":"2024-08-19T06:37:53","modified_gmt":"2024-08-19T06:37:53","slug":"presses-automatiques","status":"publish","type":"product","link":"https:\/\/globalbatteriesenergie.dz\/alphafour\/product\/presses-automatiques\/","title":{"rendered":"PRESSES AUTOMATIQUES"},"content":{"rendered":"","protected":false},"excerpt":{"rendered":"<h5>\u00a0Machine \u00e0 manipulation hydraulique, avec un cylindre pour la phase de pressage. Tableau de commande avec possibilit\u00e9 de r\u00e9gler le temps de pressage. Bouton pour le nettoyage de la cuve. Possibilit\u00e9 de m\u00e9moriser jusqu&rsquo;\u00e0 9 programmes diff\u00e9rents.<\/h5>\n","protected":false},"featured_media":3361,"template":"","meta":{"_siteseo_robots_primary_cat":""},"product_cat":[15],"product_tag":[],"class_list":{"0":"post-3351","1":"product","2":"type-product","3":"status-publish","4":"has-post-thumbnail","6":"product_cat-boulangerie","8":"first","9":"instock","10":"shipping-taxable","11":"product-type-simple"},"_links":{"self":[{"href":"https:\/\/globalbatteriesenergie.dz\/alphafour\/wp-json\/wp\/v2\/product\/3351","targetHints":{"allow":["GET"]}}],"collection":[{"href":"https:\/\/globalbatteriesenergie.dz\/alphafour\/wp-json\/wp\/v2\/product"}],"about":[{"href":"https:\/\/globalbatteriesenergie.dz\/alphafour\/wp-json\/wp\/v2\/types\/product"}],"wp:featuredmedia":[{"embeddable":true,"href":"https:\/\/globalbatteriesenergie.dz\/alphafour\/wp-json\/wp\/v2\/media\/3361"}],"wp:attachment":[{"href":"https:\/\/globalbatteriesenergie.dz\/alphafour\/wp-json\/wp\/v2\/media?parent=3351"}],"wp:term":[{"taxonomy":"product_cat","embeddable":true,"href":"https:\/\/globalbatteriesenergie.dz\/alphafour\/wp-json\/wp\/v2\/product_cat?post=3351"},{"taxonomy":"product_tag","embeddable":true,"href":"https:\/\/globalbatteriesenergie.dz\/alphafour\/wp-json\/wp\/v2\/product_tag?post=3351"}],"curies":[{"name":"wp","href":"https:\/\/api.w.org\/{rel}","templated":true}]}}