{"id":3352,"date":"2024-08-18T19:35:25","date_gmt":"2024-08-18T19:35:25","guid":{"rendered":"https:\/\/globalbatteriesenergie.dz\/alphafour\/?post_type=product&#038;p=3352"},"modified":"2024-08-18T20:06:15","modified_gmt":"2024-08-18T20:06:15","slug":"plaque-de-cuisson-pour-baguette-60x40-cm-en-aluminium-perfore-sur-barre-transversale","status":"publish","type":"product","link":"https:\/\/globalbatteriesenergie.dz\/alphafour\/product\/plaque-de-cuisson-pour-baguette-60x40-cm-en-aluminium-perfore-sur-barre-transversale\/","title":{"rendered":"Plaque de cuisson pour baguette 60&#215;40 cm en aluminium perfor\u00e9 sur barre transversale"},"content":{"rendered":"","protected":false},"excerpt":{"rendered":"<p>Plateau ondul\u00e9 en aluminium perfor\u00e9 60&#215;40 cm sur traverse, 4 canaux de 60 cm de long, \u00e9paisseur 10\/10.<\/p>\n","protected":false},"featured_media":3362,"template":"","meta":{"_siteseo_robots_primary_cat":""},"product_cat":[15],"product_tag":[],"class_list":{"0":"post-3352","1":"product","2":"type-product","3":"status-publish","4":"has-post-thumbnail","6":"product_cat-boulangerie","8":"first","9":"instock","10":"shipping-taxable","11":"product-type-simple"},"_links":{"self":[{"href":"https:\/\/globalbatteriesenergie.dz\/alphafour\/wp-json\/wp\/v2\/product\/3352","targetHints":{"allow":["GET"]}}],"collection":[{"href":"https:\/\/globalbatteriesenergie.dz\/alphafour\/wp-json\/wp\/v2\/product"}],"about":[{"href":"https:\/\/globalbatteriesenergie.dz\/alphafour\/wp-json\/wp\/v2\/types\/product"}],"wp:featuredmedia":[{"embeddable":true,"href":"https:\/\/globalbatteriesenergie.dz\/alphafour\/wp-json\/wp\/v2\/media\/3362"}],"wp:attachment":[{"href":"https:\/\/globalbatteriesenergie.dz\/alphafour\/wp-json\/wp\/v2\/media?parent=3352"}],"wp:term":[{"taxonomy":"product_cat","embeddable":true,"href":"https:\/\/globalbatteriesenergie.dz\/alphafour\/wp-json\/wp\/v2\/product_cat?post=3352"},{"taxonomy":"product_tag","embeddable":true,"href":"https:\/\/globalbatteriesenergie.dz\/alphafour\/wp-json\/wp\/v2\/product_tag?post=3352"}],"curies":[{"name":"wp","href":"https:\/\/api.w.org\/{rel}","templated":true}]}}