{"id":3367,"date":"2024-08-19T06:50:43","date_gmt":"2024-08-19T06:50:43","guid":{"rendered":"https:\/\/globalbatteriesenergie.dz\/alphafour\/?post_type=product&#038;p=3367"},"modified":"2024-08-19T07:08:45","modified_gmt":"2024-08-19T07:08:45","slug":"filet-de-cuisson-aluminium-effet-cuisson-sur-sole","status":"publish","type":"product","link":"https:\/\/globalbatteriesenergie.dz\/alphafour\/product\/filet-de-cuisson-aluminium-effet-cuisson-sur-sole\/","title":{"rendered":"FILET DE CUISSON ALUMINIUM-Effet cuisson sur sole"},"content":{"rendered":"","protected":false},"excerpt":{"rendered":"<p>Filet de cuisson aluminium<\/p>\n<p>Effet cuisson sur sole.<\/p>\n<p>Utilisation artisanale et semi-industrielle<\/p>\n<p>Conduction de la chaleur optimale gr\u00e2ce \u00e0 son arri\u00e8re noir<\/p>\n<p>Rendu optimum avec pointage en bacs<\/p>\n<p>T\u00f4le aluminium sertie sur cadre aluminium<br \/>Alv\u00e9oles \u00e0 fond plat non perfor\u00e9es<br \/>Rev\u00eatement exempt de PFOA<\/p>\n","protected":false},"featured_media":3375,"template":"","meta":{"_siteseo_robots_primary_cat":""},"product_cat":[15],"product_tag":[],"class_list":{"0":"post-3367","1":"product","2":"type-product","3":"status-publish","4":"has-post-thumbnail","6":"product_cat-boulangerie","8":"first","9":"instock","10":"shipping-taxable","11":"product-type-simple"},"_links":{"self":[{"href":"https:\/\/globalbatteriesenergie.dz\/alphafour\/wp-json\/wp\/v2\/product\/3367","targetHints":{"allow":["GET"]}}],"collection":[{"href":"https:\/\/globalbatteriesenergie.dz\/alphafour\/wp-json\/wp\/v2\/product"}],"about":[{"href":"https:\/\/globalbatteriesenergie.dz\/alphafour\/wp-json\/wp\/v2\/types\/product"}],"wp:featuredmedia":[{"embeddable":true,"href":"https:\/\/globalbatteriesenergie.dz\/alphafour\/wp-json\/wp\/v2\/media\/3375"}],"wp:attachment":[{"href":"https:\/\/globalbatteriesenergie.dz\/alphafour\/wp-json\/wp\/v2\/media?parent=3367"}],"wp:term":[{"taxonomy":"product_cat","embeddable":true,"href":"https:\/\/globalbatteriesenergie.dz\/alphafour\/wp-json\/wp\/v2\/product_cat?post=3367"},{"taxonomy":"product_tag","embeddable":true,"href":"https:\/\/globalbatteriesenergie.dz\/alphafour\/wp-json\/wp\/v2\/product_tag?post=3367"}],"curies":[{"name":"wp","href":"https:\/\/api.w.org\/{rel}","templated":true}]}}