{"id":3370,"date":"2024-08-19T06:50:43","date_gmt":"2024-08-19T06:50:43","guid":{"rendered":"https:\/\/globalbatteriesenergie.dz\/alphafour\/?post_type=product&#038;p=3370"},"modified":"2024-08-19T07:04:33","modified_gmt":"2024-08-19T07:04:33","slug":"petrin-a-axe-oblique-80kg-version-manuel-mecnosud","status":"publish","type":"product","link":"https:\/\/globalbatteriesenergie.dz\/alphafour\/product\/petrin-a-axe-oblique-80kg-version-manuel-mecnosud\/","title":{"rendered":"P\u00e9trin \u00e0 axe oblique 80KG version manuel MECNOSUD"},"content":{"rendered":"","protected":false},"excerpt":{"rendered":"<p>P\u00e9trin \u00e0 fourche avec cuve libre MECNOSUD<\/p>\n<p>Capacit\u00e9 de p\u00e2te : 80kg<\/p>\n<p>Capacit\u00e9 de farine : 50kg<\/p>\n<p>Capacit\u00e9 de coulage : 30Litres<\/p>\n<p>Puissance de moteur :3\/4,5kw<\/p>\n<p>Voltage : 400V<\/p>\n<p>Poids : 460 kg<\/p>\n<p>DISPONIBLE EN VERSION AUTOMATIQUE<\/p>\n","protected":false},"featured_media":3378,"template":"","meta":{"_siteseo_robots_primary_cat":""},"product_cat":[15],"product_tag":[],"class_list":{"0":"post-3370","1":"product","2":"type-product","3":"status-publish","4":"has-post-thumbnail","6":"product_cat-boulangerie","8":"first","9":"instock","10":"shipping-taxable","11":"product-type-simple"},"_links":{"self":[{"href":"https:\/\/globalbatteriesenergie.dz\/alphafour\/wp-json\/wp\/v2\/product\/3370","targetHints":{"allow":["GET"]}}],"collection":[{"href":"https:\/\/globalbatteriesenergie.dz\/alphafour\/wp-json\/wp\/v2\/product"}],"about":[{"href":"https:\/\/globalbatteriesenergie.dz\/alphafour\/wp-json\/wp\/v2\/types\/product"}],"wp:featuredmedia":[{"embeddable":true,"href":"https:\/\/globalbatteriesenergie.dz\/alphafour\/wp-json\/wp\/v2\/media\/3378"}],"wp:attachment":[{"href":"https:\/\/globalbatteriesenergie.dz\/alphafour\/wp-json\/wp\/v2\/media?parent=3370"}],"wp:term":[{"taxonomy":"product_cat","embeddable":true,"href":"https:\/\/globalbatteriesenergie.dz\/alphafour\/wp-json\/wp\/v2\/product_cat?post=3370"},{"taxonomy":"product_tag","embeddable":true,"href":"https:\/\/globalbatteriesenergie.dz\/alphafour\/wp-json\/wp\/v2\/product_tag?post=3370"}],"curies":[{"name":"wp","href":"https:\/\/api.w.org\/{rel}","templated":true}]}}