{"id":3372,"date":"2024-08-19T06:50:43","date_gmt":"2024-08-19T06:50:43","guid":{"rendered":"https:\/\/globalbatteriesenergie.dz\/alphafour\/?post_type=product&#038;p=3372"},"modified":"2024-08-19T07:00:15","modified_gmt":"2024-08-19T07:00:15","slug":"four-rotatif-rt60-faben","status":"publish","type":"product","link":"https:\/\/globalbatteriesenergie.dz\/alphafour\/product\/four-rotatif-rt60-faben\/","title":{"rendered":"Four rotatif RT60 FABEN"},"content":{"rendered":"","protected":false},"excerpt":{"rendered":"<p>-Four \u00e0 chariot rotatif proposant de nombreuses solutions technologiques innovatrices adapt\u00e9es \u00e0 tous les laboratoires de boulangerie et p\u00e2tisserie.<br \/>-Plancher isol\u00e9 du sol.<br \/>-Fa\u00e7ade enti\u00e8rement r\u00e9alis\u00e9e en acier inox avec ample hotte aspirante, rev\u00eatement ext\u00e9rieur en inox.<br \/>-Porte munie de deux grandes vitres en verre tremp\u00e9 et d&rsquo;un syst\u00e8me de fermeture \u00e0 deux points gr\u00e2ce \u00e0 une grande poign\u00e9e verticale.<br \/>-\u00c9changeur de chaleur garantissant une importante \u00e9conomie d&rsquo;\u00e9nergie ainsi qu&rsquo;une cuisson optimale de chaque produit.<br \/>-Panneau de contr\u00f4le de s\u00e9rie permettant d&rsquo;utiliser le four aussi bien en mode automatique qu&rsquo;en mode manuel,<br \/>-La version automatique est dot\u00e9e de 99 programmes avec la possibilit\u00e9 de r\u00e9gler jusqu&rsquo;\u00e0 8 phases de cuisson.<br \/>-Fonctionnement \u00e9lectrique ou avec des bruleurs \u00e0 gaz ou \u00e9lectrique.<\/p>\n","protected":false},"featured_media":3380,"template":"","meta":{"_siteseo_robots_primary_cat":""},"product_cat":[15],"product_tag":[],"class_list":{"0":"post-3372","1":"product","2":"type-product","3":"status-publish","4":"has-post-thumbnail","6":"product_cat-boulangerie","8":"first","9":"instock","10":"shipping-taxable","11":"product-type-simple"},"_links":{"self":[{"href":"https:\/\/globalbatteriesenergie.dz\/alphafour\/wp-json\/wp\/v2\/product\/3372","targetHints":{"allow":["GET"]}}],"collection":[{"href":"https:\/\/globalbatteriesenergie.dz\/alphafour\/wp-json\/wp\/v2\/product"}],"about":[{"href":"https:\/\/globalbatteriesenergie.dz\/alphafour\/wp-json\/wp\/v2\/types\/product"}],"wp:featuredmedia":[{"embeddable":true,"href":"https:\/\/globalbatteriesenergie.dz\/alphafour\/wp-json\/wp\/v2\/media\/3380"}],"wp:attachment":[{"href":"https:\/\/globalbatteriesenergie.dz\/alphafour\/wp-json\/wp\/v2\/media?parent=3372"}],"wp:term":[{"taxonomy":"product_cat","embeddable":true,"href":"https:\/\/globalbatteriesenergie.dz\/alphafour\/wp-json\/wp\/v2\/product_cat?post=3372"},{"taxonomy":"product_tag","embeddable":true,"href":"https:\/\/globalbatteriesenergie.dz\/alphafour\/wp-json\/wp\/v2\/product_tag?post=3372"}],"curies":[{"name":"wp","href":"https:\/\/api.w.org\/{rel}","templated":true}]}}