{"id":3374,"date":"2024-08-19T06:50:43","date_gmt":"2024-08-19T06:50:43","guid":{"rendered":"https:\/\/globalbatteriesenergie.dz\/alphafour\/?post_type=product&#038;p=3374"},"modified":"2024-08-19T06:55:22","modified_gmt":"2024-08-19T06:55:22","slug":"faconneuse-pour-baguettes","status":"publish","type":"product","link":"https:\/\/globalbatteriesenergie.dz\/alphafour\/product\/faconneuse-pour-baguettes\/","title":{"rendered":"FA\u00c7ONNEUSE POUR BAGUETTES"},"content":{"rendered":"","protected":false},"excerpt":{"rendered":"<p>La fa\u00e7onneuse pour baguettes est une machine sp\u00e9cialement con\u00e7ue pour laminer le pain typique fran\u00e7ais.<\/p>\n<p>Des dispositifs de r\u00e9glage des cylindres de laminage et des convoyeurs sont install\u00e9s en position avant pour permettre \u00e0 la machine d\u2019\u00eatre plac\u00e9e \u00e0 c\u00f4t\u00e9 d\u2019autres \u00e9quipements de boulangerie. Il peut \u00e9galement \u00eatre install\u00e9 sur une structure en acier sp\u00e9ciale \u00e9quip\u00e9e de roues rotatives. Les trois rouleaux de laminage sont fabriqu\u00e9s en r\u00e9sine ac\u00e9tique antiadh\u00e9sive qui est un mat\u00e9riau non toxique d\u2019une grande durabilit\u00e9 et facile \u00e0 nettoyer. En fait, la machine peut laminer la p\u00e2te tr\u00e8s dure.<\/p>\n","protected":false},"featured_media":3382,"template":"","meta":{"_siteseo_robots_primary_cat":""},"product_cat":[15],"product_tag":[],"class_list":{"0":"post-3374","1":"product","2":"type-product","3":"status-publish","4":"has-post-thumbnail","6":"product_cat-boulangerie","8":"first","9":"instock","10":"shipping-taxable","11":"product-type-simple"},"_links":{"self":[{"href":"https:\/\/globalbatteriesenergie.dz\/alphafour\/wp-json\/wp\/v2\/product\/3374","targetHints":{"allow":["GET"]}}],"collection":[{"href":"https:\/\/globalbatteriesenergie.dz\/alphafour\/wp-json\/wp\/v2\/product"}],"about":[{"href":"https:\/\/globalbatteriesenergie.dz\/alphafour\/wp-json\/wp\/v2\/types\/product"}],"wp:featuredmedia":[{"embeddable":true,"href":"https:\/\/globalbatteriesenergie.dz\/alphafour\/wp-json\/wp\/v2\/media\/3382"}],"wp:attachment":[{"href":"https:\/\/globalbatteriesenergie.dz\/alphafour\/wp-json\/wp\/v2\/media?parent=3374"}],"wp:term":[{"taxonomy":"product_cat","embeddable":true,"href":"https:\/\/globalbatteriesenergie.dz\/alphafour\/wp-json\/wp\/v2\/product_cat?post=3374"},{"taxonomy":"product_tag","embeddable":true,"href":"https:\/\/globalbatteriesenergie.dz\/alphafour\/wp-json\/wp\/v2\/product_tag?post=3374"}],"curies":[{"name":"wp","href":"https:\/\/api.w.org\/{rel}","templated":true}]}}